{"id":283,"date":"2018-08-27T20:50:24","date_gmt":"2018-08-27T20:50:24","guid":{"rendered":"https:\/\/cafesurreal.co\/tienda\/?page_id=283"},"modified":"2021-01-28T22:40:28","modified_gmt":"2021-01-28T22:40:28","slug":"greenbrew","status":"publish","type":"page","link":"https:\/\/cafesurreal.co\/tienda\/greenbrew\/","title":{"rendered":"GreenBrew&reg;"},"content":{"rendered":"<div id=\"pl-283\"  class=\"panel-layout\" ><div id=\"pg-283-0\"  class=\"panel-grid panel-has-style\" ><div class=\"siteorigin-panels-stretch panel-row-style panel-row-style-for-283-0\" data-stretch-type=\"full-stretched\" ><div id=\"pgc-283-0-0\"  class=\"panel-grid-cell\" ><div id=\"panel-283-0-0-0\" class=\"so-panel widget widget_media_image panel-first-child panel-last-child\" data-index=\"0\" ><figure style=\"width: 1980px\" class=\"wp-caption alignnone\"><img width=\"1980\" height=\"621\" src=\"https:\/\/cafesurreal.co\/tienda\/wp-content\/uploads\/2018\/08\/banner-greenbrew.jpg\" class=\"image wp-image-286  attachment-full size-full\" alt=\"GreenBrew\u00ae Caf\u00e9 Surreal\" loading=\"lazy\" style=\"max-width: 100%; height: auto;\" srcset=\"https:\/\/cafesurreal.co\/tienda\/wp-content\/uploads\/2018\/08\/banner-greenbrew.jpg 1980w, https:\/\/cafesurreal.co\/tienda\/wp-content\/uploads\/2018\/08\/banner-greenbrew-300x94.jpg 300w, https:\/\/cafesurreal.co\/tienda\/wp-content\/uploads\/2018\/08\/banner-greenbrew-768x241.jpg 768w, https:\/\/cafesurreal.co\/tienda\/wp-content\/uploads\/2018\/08\/banner-greenbrew-1024x321.jpg 1024w, https:\/\/cafesurreal.co\/tienda\/wp-content\/uploads\/2018\/08\/banner-greenbrew-324x102.jpg 324w, https:\/\/cafesurreal.co\/tienda\/wp-content\/uploads\/2018\/08\/banner-greenbrew-416x130.jpg 416w\" sizes=\"(max-width: 1980px) 100vw, 1980px\" \/><figcaption class=\"wp-caption-text\">GreenBrew\u00ae Caf\u00e9 Surreal<\/figcaption><\/figure><\/div><\/div><\/div><\/div><div id=\"pg-283-1\"  class=\"panel-grid panel-has-style\" ><div class=\"coldbrew_row blue panel-row-style panel-row-style-for-283-1\" ><div id=\"pgc-283-1-0\"  class=\"panel-grid-cell\" ><div id=\"panel-283-1-0-0\" class=\"widget_text so-panel widget widget_custom_html panel-first-child panel-last-child\" data-index=\"1\" ><div class=\"widget_text panel-widget-style panel-widget-style-for-283-1-0-0\" ><div class=\"textwidget custom-html-widget\"><h1>\n\t\u00bfQU\u00c9 ES GREENBREW\u00ae?\n<\/h1>\n<p>\nInfusi\u00f3n de cereza de caf\u00e9 y jengibre, poderosa bebida antioxidante 100% natural que eleva sus niveles de energ\u00eda y pone a volar su esp\u00edritu.\n<\/p>\n\n<h2>\nESPECIALMENTE DISE\u00d1ADA PARA SIBARITAS Y PERSONAS QUE VALORAN LO NATURAL SIN COMPROMETER SABOR \n<\/h2><\/div><\/div><\/div><\/div><\/div><\/div><div id=\"pg-283-2\"  class=\"panel-grid panel-no-style\" ><div id=\"pgc-283-2-0\"  class=\"panel-grid-cell\" ><div id=\"panel-283-2-0-0\" class=\"widget_text so-panel widget widget_custom_html panel-first-child panel-last-child\" data-index=\"2\" ><div class=\"widget_text coldbrew_column panel-widget-style panel-widget-style-for-283-2-0-0\" ><div class=\"textwidget custom-html-widget\"><img align=\"center\" src=\"https:\/\/cafesurreal.co\/tienda\/wp-content\/uploads\/2018\/08\/cuadro_greenbrew.svg\" width=\"100%\" alt=\"Coldbrew&reg;\">\n<\/div><\/div><\/div><\/div><div id=\"pgc-283-2-1\"  class=\"panel-grid-cell\" ><div id=\"panel-283-2-1-0\" class=\"widget_text so-panel widget widget_custom_html panel-first-child panel-last-child\" data-index=\"3\" ><div class=\"widget_text coldbrew_column panel-widget-style panel-widget-style-for-283-2-1-0\" ><div class=\"textwidget custom-html-widget\"><img align=\"center\" src=\"https:\/\/cafesurreal.co\/tienda\/wp-content\/uploads\/2018\/08\/GB-250-trans.png\" width=\"50%\" alt=\"ColdBrew&reg;\"><\/div><\/div><\/div><\/div><div id=\"pgc-283-2-2\"  class=\"panel-grid-cell\" ><div id=\"panel-283-2-2-0\" class=\"widget_text so-panel widget widget_custom_html panel-first-child panel-last-child\" data-index=\"4\" ><div class=\"widget_text coldbrew_column blue panel-widget-style panel-widget-style-for-283-2-2-0\" ><div class=\"textwidget custom-html-widget\"><img src=\"https:\/\/cafesurreal.co\/tienda\/wp-content\/uploads\/2018\/08\/icon-cajaGB.svg\" width=\"100%\" alt=\"ColdBrew&reg;\">\n<br><br>\n<h3>\n\t6 Pack de GreenBrew&reg;<br><br>\n\tTOMAR FR\u00cdO\n<\/h3><\/div><\/div><\/div><\/div><\/div><div id=\"pg-283-3\"  class=\"panel-grid panel-has-style\" ><div class=\"siteorigin-panels-stretch panel-row-style panel-row-style-for-283-3\" data-stretch-type=\"full\" ><div id=\"pgc-283-3-0\"  class=\"panel-grid-cell\" ><div id=\"panel-283-3-0-0\" class=\"widget_text so-panel widget widget_custom_html panel-first-child panel-last-child\" data-index=\"5\" ><div class=\"widget_text coldbrew_column yellow panel-widget-style panel-widget-style-for-283-3-0-0\" ><div class=\"textwidget custom-html-widget\"><h2>\n\tCONTRIBUIMOS CON EL MEDIO AMBIENTE\n<\/h2>\n<p>\n\tCaf\u00e9 Surreal&reg; contribuye a la sostenibilidad ambiental de la regi\u00f3n cafetera utilizando la <em>c\u00e1scara del caf\u00e9<\/em> que normalmente se vierte a las fuentes h\u00eddricas contamin\u00e1ndolas. \n<\/p><\/div><\/div><\/div><\/div><div id=\"pgc-283-3-1\"  class=\"panel-grid-cell\" ><div id=\"panel-283-3-1-0\" class=\"widget_text so-panel widget widget_custom_html panel-first-child panel-last-child\" data-index=\"6\" ><div class=\"widget_text coldbrew_column white panel-widget-style panel-widget-style-for-283-3-1-0\" ><div class=\"textwidget custom-html-widget\"><div class=\"buy\">\n\t<a href=\"https:\/\/cafesurreal.co\/tienda\/categoria-producto\/greenbrew\/\">COMPRAR<\/a>\n<\/div><\/div><\/div><\/div><\/div><div id=\"pgc-283-3-2\"  class=\"panel-grid-cell\" ><div id=\"panel-283-3-2-0\" class=\"widget_text so-panel widget widget_custom_html panel-first-child panel-last-child\" data-index=\"7\" ><div class=\"widget_text coldbrew_column white panel-widget-style panel-widget-style-for-283-3-2-0\" ><div class=\"textwidget custom-html-widget\"><h2>\n\tENSAYE GREENBREW&reg; PARA HACER DEPORTE, RECARGARSE O PREPARARSE PARA UNA LARGA JORNADA DE TRABAJO\n<\/h2><\/div><\/div><\/div><\/div><\/div><\/div><div id=\"pg-283-4\"  class=\"panel-grid panel-has-style\" ><div class=\"coldbrew_row blue panel-row-style panel-row-style-for-283-4\" ><div id=\"pgc-283-4-0\"  class=\"panel-grid-cell\" ><div id=\"panel-283-4-0-0\" class=\"widget_text so-panel widget widget_custom_html panel-first-child panel-last-child\" data-index=\"8\" ><div class=\"textwidget custom-html-widget\"><img align=\"center\" src=\"https:\/\/cafesurreal.co\/tienda\/wp-content\/uploads\/2018\/08\/greenbrew_tigre_blue-1.svg\" alt=\"Coldbrew&reg;\" width=\"100%\" class=\"altura220\">\n<h3>\n\tPRUEBE NUESTRO GREENBREW&reg; Y SUM\u00c9RJASE EN UN MUNDO SURREAL\n<\/h3><\/div><\/div><\/div><\/div><\/div><\/div>","protected":false},"excerpt":{"rendered":"<p>GreenBrew\u00ae Caf\u00e9 Surreal \u00bfQU\u00c9 ES GREENBREW\u00ae? Infusi\u00f3n de cereza de caf\u00e9 y jengibre, poderosa bebida antioxidante 100% natural que eleva sus niveles de energ\u00eda y pone a volar su esp\u00edritu. ESPECIALMENTE DISE\u00d1ADA PARA SIBARITAS Y PERSONAS QUE VALORAN LO NATURAL SIN COMPROMETER SABOR 6 Pack de GreenBrew&reg; TOMAR FR\u00cdO CONTRIBUIMOS CON EL MEDIO AMBIENTE Caf\u00e9 [&hellip;]<\/p>\n","protected":false},"author":1,"featured_media":0,"parent":0,"menu_order":2,"comment_status":"closed","ping_status":"closed","template":"template-fullwidth.php","meta":{"inline_featured_image":false},"_links":{"self":[{"href":"https:\/\/cafesurreal.co\/tienda\/wp-json\/wp\/v2\/pages\/283"}],"collection":[{"href":"https:\/\/cafesurreal.co\/tienda\/wp-json\/wp\/v2\/pages"}],"about":[{"href":"https:\/\/cafesurreal.co\/tienda\/wp-json\/wp\/v2\/types\/page"}],"author":[{"embeddable":true,"href":"https:\/\/cafesurreal.co\/tienda\/wp-json\/wp\/v2\/users\/1"}],"replies":[{"embeddable":true,"href":"https:\/\/cafesurreal.co\/tienda\/wp-json\/wp\/v2\/comments?post=283"}],"version-history":[{"count":35,"href":"https:\/\/cafesurreal.co\/tienda\/wp-json\/wp\/v2\/pages\/283\/revisions"}],"predecessor-version":[{"id":1858,"href":"https:\/\/cafesurreal.co\/tienda\/wp-json\/wp\/v2\/pages\/283\/revisions\/1858"}],"wp:attachment":[{"href":"https:\/\/cafesurreal.co\/tienda\/wp-json\/wp\/v2\/media?parent=283"}],"curies":[{"name":"wp","href":"https:\/\/api.w.org\/{rel}","templated":true}]}}