{"id":50,"date":"2018-02-14T18:55:38","date_gmt":"2018-02-14T18:55:38","guid":{"rendered":"https:\/\/cafesurreal.co\/tienda\/?page_id=50"},"modified":"2018-09-11T17:03:33","modified_gmt":"2018-09-11T17:03:33","slug":"mundo_surreal","status":"publish","type":"page","link":"https:\/\/cafesurreal.co\/tienda\/mundo_surreal\/","title":{"rendered":"Mundo Surreal"},"content":{"rendered":"<div id=\"pl-50\"  class=\"panel-layout\" ><div id=\"pg-50-0\"  class=\"panel-grid panel-has-style\" ><div class=\"world siteorigin-panels-stretch panel-row-style panel-row-style-for-50-0\" data-stretch-type=\"full\" ><div id=\"pgc-50-0-0\"  class=\"panel-grid-cell\" ><div id=\"panel-50-0-0-0\" class=\"widget_text so-panel widget widget_custom_html panel-first-child panel-last-child\" data-index=\"0\" ><div class=\"widget_text coldbrew_column white panel-widget-style panel-widget-style-for-50-0-0-0\" ><div class=\"textwidget custom-html-widget\"><h1>\n\"It will be a disaster, and it's time to move on that. People shouldn't sacrifice the environment for convenience.\"<\/h1>\n<p>\n\tFormer Nespresso chief executive, <strong>Jean-Paul Gaillard<\/strong>\n<\/p><\/div><\/div><\/div><\/div><div id=\"pgc-50-0-1\"  class=\"panel-grid-cell\" ><div id=\"panel-50-0-1-0\" class=\"widget_text so-panel widget widget_custom_html panel-first-child panel-last-child\" data-index=\"1\" ><div class=\"widget_text coldbrew_column panel-widget-style panel-widget-style-for-50-0-1-0\" ><div class=\"textwidget custom-html-widget\"><img src=\"https:\/\/cafesurreal.co\/tienda\/wp-content\/uploads\/2018\/09\/no_pods_text.svg\" alt=\"Caf\u00e9 Surreal\u00ae\"><\/div><\/div><\/div><\/div><\/div><\/div><div id=\"pg-50-1\"  class=\"panel-grid panel-no-style\" ><div id=\"pgc-50-1-0\"  class=\"panel-grid-cell\" ><div id=\"panel-50-1-0-0\" class=\"widget_text so-panel widget widget_custom_html panel-first-child panel-last-child\" data-index=\"2\" ><div class=\"widget_text coldbrew_column left panel-widget-style panel-widget-style-for-50-1-0-0\" ><div class=\"textwidget custom-html-widget\"><h2>\n\tSOMOS UNA EMPRESA PEQUE\u00d1A, INDEPENDIENTE, OBSESIONADOS POR EL CAF\u00c9 COLOMBIANO. NOS PREOCUPA EL MEDIO AMBIENTE, LAS FAMILIAS CAFETERAS, Y SU SALUD.\n<\/h2>\n<h2>\n\tCONTRIBU\u00cdMOS CON EL MEDIO AMBIENTE\n<\/h2>\n<p>\n\tCaf\u00e9 Surreal contribuye a la sostenibilidad ambiental de la regi\u00f3n cafetera utilizando la c\u00e1scara del caf\u00e9 que normalmente se vierte a las fuentes h\u00eddricas, <u>contamin\u00e1ndolas<\/u>.\n<\/p>\n<p>\n\t&nbsp;\n<\/p>\n<hr>\n<a href=\"https:\/\/cafesurreal.co\/tienda\/coldbrew\/\" class=\"fLeft\"><img src=\"https:\/\/cafesurreal.co\/tienda\/wp-content\/uploads\/2018\/02\/cat_coldbrew.svg\" alt=\"Coldbrew\u00ae\" width=\"100%\"><\/a>\n<a href=\"https:\/\/cafesurreal.co\/tienda\/greenbrew\/\" class=\"fLeft\"><img src=\"https:\/\/cafesurreal.co\/tienda\/wp-content\/uploads\/2018\/02\/cat_greeenbrew.svg\" alt=\"Greenbrew\u00ae\" width=\"100%\"><\/a>\n<a href=\"https:\/\/cafesurreal.co\/tienda\/recetas\/\" class=\"fLeft\"><img src=\"https:\/\/cafesurreal.co\/tienda\/wp-content\/uploads\/2018\/02\/cat_recetas.svg\" alt=\"Recetas\" width=\"100%\"><\/a>\n<\/div><\/div><\/div><\/div><div id=\"pgc-50-1-1\"  class=\"panel-grid-cell\" ><div id=\"panel-50-1-1-0\" class=\"widget_text so-panel widget widget_custom_html panel-first-child panel-last-child\" data-index=\"3\" ><div class=\"textwidget custom-html-widget\"><img src=\"https:\/\/cafesurreal.co\/tienda\/wp-content\/uploads\/2018\/09\/statu_quo.svg\" alt=\"Statu Quos\" width=\"100%\"><\/div><\/div><\/div><\/div><\/div>","protected":false},"excerpt":{"rendered":"<p>\u00abIt will be a disaster, and it&#8217;s time to move on that. People shouldn&#8217;t sacrifice the environment for convenience.\u00bb Former Nespresso chief executive, Jean-Paul Gaillard SOMOS UNA EMPRESA PEQUE\u00d1A, INDEPENDIENTE, OBSESIONADOS POR EL CAF\u00c9 COLOMBIANO. NOS PREOCUPA EL MEDIO AMBIENTE, LAS FAMILIAS CAFETERAS, Y SU SALUD. CONTRIBU\u00cdMOS CON EL MEDIO AMBIENTE Caf\u00e9 Surreal contribuye a [&hellip;]<\/p>\n","protected":false},"author":1,"featured_media":0,"parent":0,"menu_order":4,"comment_status":"closed","ping_status":"closed","template":"template-fullwidth.php","meta":{"inline_featured_image":false},"_links":{"self":[{"href":"https:\/\/cafesurreal.co\/tienda\/wp-json\/wp\/v2\/pages\/50"}],"collection":[{"href":"https:\/\/cafesurreal.co\/tienda\/wp-json\/wp\/v2\/pages"}],"about":[{"href":"https:\/\/cafesurreal.co\/tienda\/wp-json\/wp\/v2\/types\/page"}],"author":[{"embeddable":true,"href":"https:\/\/cafesurreal.co\/tienda\/wp-json\/wp\/v2\/users\/1"}],"replies":[{"embeddable":true,"href":"https:\/\/cafesurreal.co\/tienda\/wp-json\/wp\/v2\/comments?post=50"}],"version-history":[{"count":34,"href":"https:\/\/cafesurreal.co\/tienda\/wp-json\/wp\/v2\/pages\/50\/revisions"}],"predecessor-version":[{"id":482,"href":"https:\/\/cafesurreal.co\/tienda\/wp-json\/wp\/v2\/pages\/50\/revisions\/482"}],"wp:attachment":[{"href":"https:\/\/cafesurreal.co\/tienda\/wp-json\/wp\/v2\/media?parent=50"}],"curies":[{"name":"wp","href":"https:\/\/api.w.org\/{rel}","templated":true}]}}