{"id":655,"date":"2018-10-19T18:12:59","date_gmt":"2018-10-19T18:12:59","guid":{"rendered":"https:\/\/cafesurreal.co\/tienda\/?page_id=655"},"modified":"2018-12-14T14:29:27","modified_gmt":"2018-12-14T14:29:27","slug":"grisha-rasputin","status":"publish","type":"page","link":"https:\/\/cafesurreal.co\/tienda\/recetas\/grisha-rasputin\/","title":{"rendered":"Grisha Rasputin"},"content":{"rendered":"<div id=\"pl-655\"  class=\"panel-layout\" ><div id=\"pg-655-0\"  class=\"panel-grid panel-has-style\" ><div class=\"rowImg siteorigin-panels-stretch panel-row-style panel-row-style-for-655-0\" data-stretch-type=\"full-stretched\" ><div id=\"pgc-655-0-0\"  class=\"panel-grid-cell\" ><div id=\"panel-655-0-0-0\" class=\"widget_text so-panel widget widget_custom_html panel-first-child panel-last-child\" data-index=\"0\" ><div class=\"widget_text panel-widget-style panel-widget-style-for-655-0-0-0\" ><div class=\"textwidget custom-html-widget\"><img src=\"https:\/\/cafesurreal.co\/tienda\/wp-content\/uploads\/2018\/10\/grisha_rasputin.svg\" alt=\"Grisha Rasputin\" width=\"100%\">\n<img src=\"https:\/\/cafesurreal.co\/tienda\/wp-content\/uploads\/2018\/10\/grisha_rasputin_txt.svg\" alt=\"Grisha Rasputin\" width=\"100%\"><\/div><\/div><\/div><\/div><\/div><\/div><div id=\"pg-655-1\"  class=\"panel-grid panel-has-style\" ><div class=\"siteorigin-panels-stretch panel-row-style panel-row-style-for-655-1\" data-stretch-type=\"full\" ><div id=\"pgc-655-1-0\"  class=\"panel-grid-cell\" ><div id=\"panel-655-1-0-0\" class=\"widget_text so-panel widget widget_custom_html panel-first-child panel-last-child\" data-index=\"1\" ><div class=\"widget_text coldbrew_column panel-widget-style panel-widget-style-for-655-1-0-0\" ><div class=\"textwidget custom-html-widget\"><div class=\"receta\">\n<h2 class=\"yellowTxt\">\n\u2014 BLACK RUSSIAN \u2014\n<\/h2>\t\n<h3 class=\"centre yellowTxt\">\"Antes de que podamos arrepentirnos, tenemos que pecar\".<br>\n\u0413\u0440\u0438\u0433\u043e\u0301\u0440\u0438\u0439 \u0415\u0444\u0438\u0301\u043c\u043e\u0432\u0438\u0447 \u0420\u0430\u0441\u043f\u0443\u0301\u0442\u0438\u043d<br>\nGrigori Rasputin (1869 \u2013 1916)\n<\/h3>\n<hr\/>\n<p class=\"yellowTxt\">\n\t<strong>Ingredientes:<\/strong>\n<\/p>\n<ul class=\"yellowTxt\">\n\t<li>1 Shot (60ml) de Caf\u00e9 Surreal\u00ae COLDBREW\u00ae Concentrado<\/li>\n\t<li>1 Shot (60ml) de Vodka, mejor si es ruso<\/li>\n\t<li>1 cucharada (15ml) de miel de agave<\/li>\n\t<li>Hielo<\/li>\n\t<li>1 Shot (60ml) de agua<\/li>\n<\/ul>\n<hr>\n<p class=\"yellowTxt\">\n\t<strong>Preparaci\u00f3n<\/strong><\/p>\n\t<ol class=\"yellowTxt\">\n\t\t<li>Agregue hielo al mezclador.<\/li>\n\t\t<li>Agregue 1 Shot (60ml) de Caf\u00e9 Surreal\u00ae COLDBREW\u00ae Concentrado.<\/li>\n\t\t<li>Agregue 1 Shot (60ml) de Vodka.<\/li>\n\t\t<li>Agregue 1 Shot (60ml) de agua.<\/li>\n\t\t<li>Agregue 1 cucharada (15ml) de miel de agave<\/li>\n\t\t<li>Tape y mezcle.<\/li>\n\t\t<li>Sirva sobre un un vaso con hielo.<\/li>\n\t\t<li>Disfrute.<\/li>\n\t<\/ol>\t\n<\/div>\n<\/div><\/div><\/div><\/div><div id=\"pgc-655-1-1\"  class=\"panel-grid-cell\" ><div id=\"panel-655-1-1-0\" class=\"widget_text so-panel widget widget_custom_html panel-first-child panel-last-child\" data-index=\"2\" ><div class=\"widget_text panel-widget-style panel-widget-style-for-655-1-1-0\" ><div class=\"textwidget custom-html-widget\"><div class=\"intro yellowTxt\">\n\t<p>\n\t\t&nbsp;\n\t<\/p>\n<p>Grisha fue un m\u00edstico ruso con una gran influencia en los \u00faltimos d\u00edas de la dinast\u00eda Romanov. Tambi\u00e9n fue conocido como <em>\u00abel Monje Loco\u00bb<\/em>.<\/p>\n\n<p>Dotado de dones misteriosos Rasput\u00edn no solo se gan\u00f3 el favor de la familia real, sino que tambi\u00e9n buena parte de la aristocracia se rindi\u00f3 a \u00e9l. Esto se debi\u00f3 sobre todo a su carisma personal. Una mirada muy fija y penetrante (era de pelo casta\u00f1o pero de ojos azules muy claros); un verbo f\u00e1cil y muy ambiguo que parec\u00eda el de un or\u00e1culo; un gran atractivo para con las mujeres basado, adem\u00e1s de en su f\u00edsico y en su intuici\u00f3n, en su conocimiento de las Escrituras y en cierta tradici\u00f3n religiosa rusa que segu\u00eda pr\u00e1cticas orgi\u00e1sticas como camino a Dios.<\/p>\n\n<p>Asesinado el 26 de diciembre de 1916 despu\u00e9s de m\u00faltiples intentos fallidos. Lo envenenaron con cianuro, le dispararon un tiro con una pistola Browning y lo dejaron por muerto mientras se preparaban para deshacerse del cad\u00e1ver. Despu\u00e9s de fallar en dos ocasiones, Purishk\u00e9vich lo derrib\u00f3 con otros dos disparos y lo remat\u00f3 con un golpe en la sien. Despu\u00e9s arrastraron el cuerpo con cadenas de hierro y lo arrojaron al r\u00edo Nev\u00e1\n\t<\/p>\n<\/div><\/div><\/div><\/div><\/div><\/div><\/div><div id=\"pg-655-2\"  class=\"panel-grid panel-has-style\" ><div class=\"coldbrew_row_txt siteorigin-panels-stretch panel-row-style panel-row-style-for-655-2\" data-stretch-type=\"full\" ><div id=\"pgc-655-2-0\"  class=\"panel-grid-cell\" ><div id=\"panel-655-2-0-0\" class=\"widget_text so-panel widget widget_custom_html panel-first-child panel-last-child\" data-index=\"3\" ><div class=\"textwidget custom-html-widget\"><img src=\"https:\/\/cafesurreal.co\/tienda\/wp-content\/uploads\/2018\/10\/end_yellow.svg\" alt=\"Final Receta\" width=\"120\"><\/div><\/div><\/div><\/div><\/div><\/div>","protected":false},"excerpt":{"rendered":"<p>\u2014 BLACK RUSSIAN \u2014 \u00abAntes de que podamos arrepentirnos, tenemos que pecar\u00bb. \u0413\u0440\u0438\u0433\u043e\u0301\u0440\u0438\u0439 \u0415\u0444\u0438\u0301\u043c\u043e\u0432\u0438\u0447 \u0420\u0430\u0441\u043f\u0443\u0301\u0442\u0438\u043d Grigori Rasputin (1869 \u2013 1916) Ingredientes: 1 Shot (60ml) de Caf\u00e9 Surreal\u00ae COLDBREW\u00ae Concentrado 1 Shot (60ml) de Vodka, mejor si es ruso 1 cucharada (15ml) de miel de agave Hielo 1 Shot (60ml) de agua Preparaci\u00f3n Agregue hielo al [&hellip;]<\/p>\n","protected":false},"author":1,"featured_media":0,"parent":49,"menu_order":5,"comment_status":"closed","ping_status":"closed","template":"","meta":{"inline_featured_image":false},"_links":{"self":[{"href":"https:\/\/cafesurreal.co\/tienda\/wp-json\/wp\/v2\/pages\/655"}],"collection":[{"href":"https:\/\/cafesurreal.co\/tienda\/wp-json\/wp\/v2\/pages"}],"about":[{"href":"https:\/\/cafesurreal.co\/tienda\/wp-json\/wp\/v2\/types\/page"}],"author":[{"embeddable":true,"href":"https:\/\/cafesurreal.co\/tienda\/wp-json\/wp\/v2\/users\/1"}],"replies":[{"embeddable":true,"href":"https:\/\/cafesurreal.co\/tienda\/wp-json\/wp\/v2\/comments?post=655"}],"version-history":[{"count":75,"href":"https:\/\/cafesurreal.co\/tienda\/wp-json\/wp\/v2\/pages\/655\/revisions"}],"predecessor-version":[{"id":882,"href":"https:\/\/cafesurreal.co\/tienda\/wp-json\/wp\/v2\/pages\/655\/revisions\/882"}],"up":[{"embeddable":true,"href":"https:\/\/cafesurreal.co\/tienda\/wp-json\/wp\/v2\/pages\/49"}],"wp:attachment":[{"href":"https:\/\/cafesurreal.co\/tienda\/wp-json\/wp\/v2\/media?parent=655"}],"curies":[{"name":"wp","href":"https:\/\/api.w.org\/{rel}","templated":true}]}}