{"id":928,"date":"2018-12-14T15:09:11","date_gmt":"2018-12-14T15:09:11","guid":{"rendered":"https:\/\/cafesurreal.co\/tienda\/?page_id=928"},"modified":"2018-12-14T19:06:25","modified_gmt":"2018-12-14T19:06:25","slug":"negroni-coldbrew","status":"publish","type":"page","link":"https:\/\/cafesurreal.co\/tienda\/recetas\/negroni-coldbrew\/","title":{"rendered":"Coldbrew\u00ae Negroni"},"content":{"rendered":"<div id=\"pl-928\"  class=\"panel-layout\" ><div id=\"pg-928-0\"  class=\"panel-grid panel-has-style\" ><div class=\"rowImg siteorigin-panels-stretch panel-row-style panel-row-style-for-928-0\" data-stretch-type=\"full-stretched\" ><div id=\"pgc-928-0-0\"  class=\"panel-grid-cell\" ><div id=\"panel-928-0-0-0\" class=\"widget_text so-panel widget widget_custom_html panel-first-child panel-last-child\" data-index=\"0\" ><div class=\"widget_text panel-widget-style panel-widget-style-for-928-0-0-0\" ><div class=\"textwidget custom-html-widget\"><img src=\"https:\/\/cafesurreal.co\/tienda\/wp-content\/uploads\/2018\/12\/negroni_coldbrew.jpg\" alt=\"Coldbrew\u00ae Negroni\" width=\"100%\">\n<img src=\"https:\/\/cafesurreal.co\/tienda\/wp-content\/uploads\/2018\/12\/negroni_coldbrew_title.svg\" alt=\"Coldbrew\u00ae Negroni\" width=\"100%\" style=\"position:relative; top:-16px;\"><\/div><\/div><\/div><\/div><\/div><\/div><div id=\"pg-928-1\"  class=\"panel-grid panel-has-style\" ><div class=\"siteorigin-panels-stretch panel-row-style panel-row-style-for-928-1\" data-stretch-type=\"full\" ><div id=\"pgc-928-1-0\"  class=\"panel-grid-cell\" ><div id=\"panel-928-1-0-0\" class=\"widget_text so-panel widget widget_custom_html panel-first-child panel-last-child\" data-index=\"1\" ><div class=\"widget_text coldbrew_column panel-widget-style panel-widget-style-for-928-1-0-0\" ><div class=\"textwidget custom-html-widget\"><div class=\"receta\">\n<h3 class=\"centre blueTxt\">\n\tC\u00f3ctel Piscinero Energ\u00e9tico\n<\/h3>\n<hr\/>\n<p class=\"blueTxt\">\n\t<strong>Ingredientes:<\/strong>\n<\/p>\n<ul class=\"blueTxt\">\n\t<li>30ml de Caf\u00e9 Surreal\u00ae COLDBREW\u00ae Concentrado<\/li>\n\t<li>30ml Ginebra<\/li>\n\t<li>30ml Campari<\/li>\n\t<li>30ml Vermouth Rojo<\/li>\n\t<li>Gotas amargas Angostura<\/li>\n\t<li>Hielo<\/li>\n<\/ul>\n<hr>\n<p class=\"blueTxt\">\n\t<strong>Preparaci\u00f3n<\/strong><\/p>\n\t<ol class=\"blueTxt\">\n\t\t<li>Agregue hielo a un mezclador de coct\u00e9les.<\/li>\n\t\t<li>Agregue 30ml de Caf\u00e9 Surreal\u00ae COLDBREW\u00ae Concentrado.<\/li>\n\t\t<li>Agregue 30ml Ginebra.<\/li>\n\t\t<li>Agregue 30ml Campari.<\/li> \n\t\t<li>Agregue 30ml Vermouth Rojo.<\/li>\n\t\t<li>Mezcle y sirva en un vaso largo.<\/li>\n\t\t<li>Prep\u00e1rese para una tarde incre\u00edble y disfrute.<\/li>\n\t<\/ol>\n<\/div>\n<\/div><\/div><\/div><\/div><div id=\"pgc-928-1-1\"  class=\"panel-grid-cell\" ><div id=\"panel-928-1-1-0\" class=\"widget_text so-panel widget widget_custom_html panel-first-child panel-last-child\" data-index=\"2\" ><div class=\"widget_text panel-widget-style panel-widget-style-for-928-1-1-0\" ><div class=\"textwidget custom-html-widget\"><div class=\"intro blueTxt\">\n\t<p>\n\t\t&nbsp;\n\t<\/p>\n\t<p>\n\t\t&nbsp;\n\t<\/p>\n\t<p>El Negroni es un c\u00f3ctel de origen italiano preparado a base de Gin, Campari y Verm\u00fa rojo.<\/p>\n\t<p>Es uno de los combinados m\u00e1s famosos del mundo que fue inventado en 1919 por el Conde Negroni, al a\u00f1adir a su Americano un toque de ginebra en lugar de soda, en honor a su \u00faltimo viaje a Londres.\n\t<\/p>\n<\/div><\/div><\/div><\/div><\/div><\/div><\/div><div id=\"pg-928-2\"  class=\"panel-grid panel-has-style\" ><div class=\"coldbrew_row_txt siteorigin-panels-stretch panel-row-style panel-row-style-for-928-2\" data-stretch-type=\"full\" ><div id=\"pgc-928-2-0\"  class=\"panel-grid-cell\" ><div id=\"panel-928-2-0-0\" class=\"widget_text so-panel widget widget_custom_html panel-first-child panel-last-child\" data-index=\"3\" ><div class=\"textwidget custom-html-widget\"><img src=\"https:\/\/cafesurreal.co\/tienda\/wp-content\/uploads\/2018\/12\/end_blue.svg\" alt=\"Final Receta\" width=\"120\"><\/div><\/div><\/div><\/div><\/div><\/div>","protected":false},"excerpt":{"rendered":"<p>C\u00f3ctel Piscinero Energ\u00e9tico Ingredientes: 30ml de Caf\u00e9 Surreal\u00ae COLDBREW\u00ae Concentrado 30ml Ginebra 30ml Campari 30ml Vermouth Rojo Gotas amargas Angostura Hielo Preparaci\u00f3n Agregue hielo a un mezclador de coct\u00e9les. Agregue 30ml de Caf\u00e9 Surreal\u00ae COLDBREW\u00ae Concentrado. Agregue 30ml Ginebra. Agregue 30ml Campari. Agregue 30ml Vermouth Rojo. Mezcle y sirva en un vaso largo. Prep\u00e1rese para [&hellip;]<\/p>\n","protected":false},"author":1,"featured_media":0,"parent":49,"menu_order":5,"comment_status":"closed","ping_status":"closed","template":"","meta":{"inline_featured_image":false},"_links":{"self":[{"href":"https:\/\/cafesurreal.co\/tienda\/wp-json\/wp\/v2\/pages\/928"}],"collection":[{"href":"https:\/\/cafesurreal.co\/tienda\/wp-json\/wp\/v2\/pages"}],"about":[{"href":"https:\/\/cafesurreal.co\/tienda\/wp-json\/wp\/v2\/types\/page"}],"author":[{"embeddable":true,"href":"https:\/\/cafesurreal.co\/tienda\/wp-json\/wp\/v2\/users\/1"}],"replies":[{"embeddable":true,"href":"https:\/\/cafesurreal.co\/tienda\/wp-json\/wp\/v2\/comments?post=928"}],"version-history":[{"count":23,"href":"https:\/\/cafesurreal.co\/tienda\/wp-json\/wp\/v2\/pages\/928\/revisions"}],"predecessor-version":[{"id":1069,"href":"https:\/\/cafesurreal.co\/tienda\/wp-json\/wp\/v2\/pages\/928\/revisions\/1069"}],"up":[{"embeddable":true,"href":"https:\/\/cafesurreal.co\/tienda\/wp-json\/wp\/v2\/pages\/49"}],"wp:attachment":[{"href":"https:\/\/cafesurreal.co\/tienda\/wp-json\/wp\/v2\/media?parent=928"}],"curies":[{"name":"wp","href":"https:\/\/api.w.org\/{rel}","templated":true}]}}