{"id":87,"date":"2018-02-14T22:59:58","date_gmt":"2018-02-14T22:59:58","guid":{"rendered":"https:\/\/cafesurreal.co\/tienda\/?post_type=product&#038;p=87"},"modified":"2023-03-08T17:03:31","modified_gmt":"2023-03-08T17:03:31","slug":"coldbrew-525ml","status":"publish","type":"product","link":"https:\/\/cafesurreal.co\/tienda\/producto\/coldbrew-525ml\/","title":{"rendered":"ColdBrew\u00ae Nuevo Origen"},"content":{"rendered":"<p>ColdBrew\u00ae Concentrado 525ml<\/p>\n<p>Caf\u00e9 Fr\u00edo Edici\u00f3n Especial<\/p>\n<p>Rinde 6 tazas<\/p>\n","protected":false},"excerpt":{"rendered":"<p class=\"prodD\">EDICI\u00d3N ESPECIAL, 525 ml<\/p>\n","protected":false},"featured_media":1658,"template":"","meta":{"inline_featured_image":false},"product_cat":[52,20],"product_tag":[75,28,22,31,78,77],"_links":{"self":[{"href":"https:\/\/cafesurreal.co\/tienda\/wp-json\/wp\/v2\/product\/87"}],"collection":[{"href":"https:\/\/cafesurreal.co\/tienda\/wp-json\/wp\/v2\/product"}],"about":[{"href":"https:\/\/cafesurreal.co\/tienda\/wp-json\/wp\/v2\/types\/product"}],"wp:featuredmedia":[{"embeddable":true,"href":"https:\/\/cafesurreal.co\/tienda\/wp-json\/wp\/v2\/media\/1658"}],"wp:attachment":[{"href":"https:\/\/cafesurreal.co\/tienda\/wp-json\/wp\/v2\/media?parent=87"}],"wp:term":[{"taxonomy":"product_cat","embeddable":true,"href":"https:\/\/cafesurreal.co\/tienda\/wp-json\/wp\/v2\/product_cat?post=87"},{"taxonomy":"product_tag","embeddable":true,"href":"https:\/\/cafesurreal.co\/tienda\/wp-json\/wp\/v2\/product_tag?post=87"}],"curies":[{"name":"wp","href":"https:\/\/api.w.org\/{rel}","templated":true}]}}